{"id":2385,"date":"2020-09-27T15:07:34","date_gmt":"2020-09-27T15:07:34","guid":{"rendered":"https:\/\/maslininoulje.com\/terms-and-conditions\/"},"modified":"2025-09-10T18:42:19","modified_gmt":"2025-09-10T18:42:19","slug":"terms-and-conditions","status":"publish","type":"page","link":"https:\/\/maslininoulje.com\/en\/terms-and-conditions\/","title":{"rendered":"Terms and conditions"},"content":{"rendered":"<div data-elementor-type=\"wp-page\" data-elementor-id=\"2385\" class=\"elementor elementor-2385\" data-elementor-post-type=\"page\">\n\t\t\t\t\t\t<section class=\"elementor-section elementor-top-section elementor-element elementor-element-0f4a400 elementor-section-boxed elementor-section-height-default elementor-section-height-default\" data-id=\"0f4a400\" data-element_type=\"section\" data-e-type=\"section\">\n\t\t\t\t\t\t<div class=\"elementor-container elementor-column-gap-wider\">\n\t\t\t\t\t<div class=\"elementor-column elementor-col-100 elementor-top-column elementor-element elementor-element-b0c11ed\" data-id=\"b0c11ed\" data-element_type=\"column\" data-e-type=\"column\">\n\t\t\t<div class=\"elementor-widget-wrap elementor-element-populated\">\n\t\t\t\t\t\t<div class=\"elementor-element elementor-element-b092721 elementor-widget elementor-widget-text-editor\" data-id=\"b092721\" data-element_type=\"widget\" data-e-type=\"widget\" data-widget_type=\"text-editor.default\">\n\t\t\t\t<div class=\"elementor-widget-container\">\n\t\t\t\t\t\t\t\t\t<h3>Uvjeti kori\u0161tenja<\/h3><p>Dobrodo\u0161li na na\u0161u web stranicu <strong>maslininoulje.com<\/strong>. Kori\u0161tenjem ove web stranice i kupovinom na\u0161ih proizvoda pristajete na sljede\u0107e uvjete kori\u0161tenja:<\/p><h4>1. Op\u0107i uvjeti<\/h4><p>Ovi uvjeti kori\u0161tenja definiraju pravila i smjernice za kori\u0161tenje web stranice i na\u0161ih usluga. Pristupanjem ili kori\u0161tenjem web stranice potvr\u0111ujete da ste pro\u010ditali, razumjeli i prihva\u0107ate ove uvjete.<\/p><h4>2. Promjene uvjeta<\/h4><p>Zadr\u017eavamo pravo izmjene ovih uvjeta kori\u0161tenja u bilo kojem trenutku. Promjene stupaju na snagu odmah nakon objave na web stranici. Preporu\u010dujemo redovito pra\u0107enje ove stranice kako biste bili informirani o svim promjenama.<\/p><h4>3. Za\u0161tita privatnosti<\/h4><p>Po\u0161tujemo va\u0161u privatnost i obra\u0111ujemo va\u0161e osobne podatke u skladu s na\u0161om <a href=\"\/en\/politika-privatnosti\/\" target=\"_blank\" rel=\"noopener\">politikom privatnosti<\/a>. Kori\u0161tenjem web stranice pristajete na uvjete obrade podataka.<\/p><h4>4. Kori\u0161tenje sadr\u017eaja<\/h4><p>Sav sadr\u017eaj na ovoj web stranici, uklju\u010duju\u0107i tekstove, slike, logotipe i druge materijale, za\u0161ti\u0107en je autorskim pravima. Zabranjeno je neovla\u0161teno kopiranje, distribucija ili objavljivanje bilo kojeg sadr\u017eaja bez na\u0161eg prethodnog pisanog pristanka.<\/p><h4>5. Narud\u017ebe i pla\u0107anja<\/h4><p>Svi proizvodi naru\u010deni putem na\u0161e web stranice podlo\u017eni su dostupnosti. Zadr\u017eavamo pravo odbiti narud\u017ebu ili promijeniti cijenu proizvoda prije potvrde narud\u017ebe. Pla\u0107anja se vr\u0161e putem dostupnih opcija pla\u0107anja na na\u0161oj web stranici.<\/p><h4>6. Povrati i reklamacije<\/h4><p>Ukoliko niste zadovoljni proizvodom, imate pravo na zahtjev ili povrat, koji mora biti podnesen u roku od 14 dana od dana primitka proizvoda.<\/p><h4>7. Ograni\u010denje odgovornosti<\/h4><p>Iako se trudimo osigurati da su svi podaci na web stranici to\u010dni i a\u017eurni, ne preuzimamo odgovornost za eventualne pogre\u0161ke ili propuste. Ne\u0107emo biti odgovorni za bilo kakvu \u0161tetu nastalu kori\u0161tenjem ove web stranice ili nemogu\u0107no\u0161\u0107u pristupa web stranici.<\/p><h4>8. Vanjske poveznice<\/h4><p>Na\u0161a web stranica mo\u017ee sadr\u017eavati poveznice na druge web stranice. Nismo odgovorni za sadr\u017eaj ili privatnost tih web stranica i preporu\u010dujemo da pro\u010ditate njihove uvjete kori\u0161tenja i politiku privatnosti.<\/p><h4>9. Primjenjivi zakon<\/h4><p>Ovi uvjeti kori\u0161tenja regulirani su zakonima Republike Hrvatske. U slu\u010daju sporova, nadle\u017eni sud bit \u0107e u Hrvatskoj.<\/p><h4>10. Kontakt<\/h4><p>Ako imate bilo kakva pitanja o ovim uvjetima kori\u0161tenja, slobodno nas kontaktirajte na <a rel=\"noopener\">info@maslininoulje.com<\/a>.<\/p>\t\t\t\t\t\t\t\t<\/div>\n\t\t\t\t<\/div>\n\t\t\t\t\t<\/div>\n\t\t<\/div>\n\t\t\t\t\t<\/div>\n\t\t<\/section>\n\t\t\t\t<\/div>","protected":false},"excerpt":{"rendered":"<p>Uvjeti kori\u0161tenja Dobrodo\u0161li na na\u0161u web stranicu maslininoulje.com. Kori\u0161tenjem ove web stranice i kupovinom na\u0161ih proizvoda pristajete na sljede\u0107e uvjete kori\u0161tenja: 1. Op\u0107i uvjeti Ovi uvjeti kori\u0161tenja definiraju pravila i smjernice za kori\u0161tenje web stranice i na\u0161ih usluga. Pristupanjem ili kori\u0161tenjem web stranice potvr\u0111ujete da ste pro\u010ditali, razumjeli i prihva\u0107ate ove uvjete. 2. Promjene uvjeta&hellip;<\/p>","protected":false},"author":1,"featured_media":0,"parent":0,"menu_order":910,"comment_status":"closed","ping_status":"closed","template":"","meta":{"inline_featured_image":false,"footnotes":""},"class_list":["post-2385","page","type-page","status-publish","hentry"],"_links":{"self":[{"href":"https:\/\/maslininoulje.com\/en\/wp-json\/wp\/v2\/pages\/2385","targetHints":{"allow":["GET"]}}],"collection":[{"href":"https:\/\/maslininoulje.com\/en\/wp-json\/wp\/v2\/pages"}],"about":[{"href":"https:\/\/maslininoulje.com\/en\/wp-json\/wp\/v2\/types\/page"}],"author":[{"embeddable":true,"href":"https:\/\/maslininoulje.com\/en\/wp-json\/wp\/v2\/users\/1"}],"replies":[{"embeddable":true,"href":"https:\/\/maslininoulje.com\/en\/wp-json\/wp\/v2\/comments?post=2385"}],"version-history":[{"count":12,"href":"https:\/\/maslininoulje.com\/en\/wp-json\/wp\/v2\/pages\/2385\/revisions"}],"predecessor-version":[{"id":9424,"href":"https:\/\/maslininoulje.com\/en\/wp-json\/wp\/v2\/pages\/2385\/revisions\/9424"}],"wp:attachment":[{"href":"https:\/\/maslininoulje.com\/en\/wp-json\/wp\/v2\/media?parent=2385"}],"curies":[{"name":"wp","href":"https:\/\/api.w.org\/{rel}","templated":true}]}}