{"id":6650,"date":"2022-12-02T16:25:54","date_gmt":"2022-12-02T16:25:54","guid":{"rendered":"https:\/\/maslininoulje.com\/magazine\/"},"modified":"2024-11-11T18:39:42","modified_gmt":"2024-11-11T18:39:42","slug":"blog","status":"publish","type":"page","link":"https:\/\/maslininoulje.com\/en\/blog\/","title":{"rendered":"Blog"},"content":{"rendered":"<div data-elementor-type=\"wp-page\" data-elementor-id=\"6650\" class=\"elementor elementor-6650\" data-elementor-post-type=\"page\">\n\t\t\t\t\t\t<section class=\"elementor-section elementor-top-section elementor-element elementor-element-82ed5de elementor-section-boxed elementor-section-height-default elementor-section-height-default\" data-id=\"82ed5de\" data-element_type=\"section\" data-e-type=\"section\">\n\t\t\t\t\t\t<div class=\"elementor-container elementor-column-gap-wider\">\n\t\t\t\t\t<div class=\"elementor-column elementor-col-100 elementor-top-column elementor-element elementor-element-96048d8\" data-id=\"96048d8\" data-element_type=\"column\" data-e-type=\"column\">\n\t\t\t<div class=\"elementor-widget-wrap elementor-element-populated\">\n\t\t\t\t\t\t<div class=\"elementor-element elementor-element-48c73b5 preserve-img-ratio-cover elementor-widget elementor-widget-the7_elements\" data-id=\"48c73b5\" data-element_type=\"widget\" data-e-type=\"widget\" data-settings=\"{&quot;widget_columns_wide_desktop_breakpoint&quot;:1200}\" data-widget_type=\"the7_elements.default\">\n\t\t\t\t<div class=\"elementor-widget-container\">\n\t\t\t\t\t<div class=\"portfolio-shortcode the7-elementor-widget the7_elements-48c73b5 mode-grid dt-css-grid-wrap bottom-overlap-layout-list description-under-image content-bg-on resize-by-browser-width loading-effect-none jquery-filter\" data-padding=\"60px\" data-mobile-columns-num=\"1\" data-tablet-columns-num=\"2\" data-desktop-columns-num=\"2\" data-wide-desktop-columns-num=\"3\" data-post-limit=\"6\" data-pagination-mode=\"load-more\" data-scroll-offset=\"\" aria-live=\"assertive\"><div class=\"dt-css-grid custom-pagination-handler\"><div class=\"visible wf-cell\" data-post-id=\"8420\" data-date=\"2024-10-17T03:16:27+00:00\" data-name=\"Kako \u010ditati etiketu na ekstra djevi\u010danskom maslinovom ulju?\"><article class=\"post visible post-8420 type-post status-publish format-standard has-post-thumbnail hentry category-blog\" data-name=\"Kako \u010ditati etiketu na ekstra djevi\u010danskom maslinovom ulju?\" data-date=\"2024-10-17T03:16:27+00:00\">\n\n\t<div class=\"post-thumbnail-wrap\">\n\t\t<div class=\"post-thumbnail\">\n\n\t\t\t<a class=\"post-thumbnail-rollover layzr-bg img-css-resize-wrapper\" aria-label=\"Post image\" href=\"https:\/\/maslininoulje.com\/en\/kako-citati-etiketu-na-ekstra-djevicanskom-maslinovom-ulju\/\"><img fetchpriority=\"high\" decoding=\"async\" width=\"1640\" height=\"924\" src=\"data:image\/svg+xml,%3Csvg%20xmlns%3D&#039;http%3A%2F%2Fwww.w3.org%2F2000%2Fsvg&#039;%20viewBox%3D&#039;0%200%201640%20924&#039;%2F%3E\" class=\"attachment-full size-full preload-me aspect lazy lazy-load\" alt=\"\" style=\"--ratio: 1640 \/ 924;\" data-src=\"https:\/\/maslininoulje.com\/wp-content\/uploads\/2024\/10\/Maslinino-curi.png\" loading=\"eager\" \/><span class=\"the7-hover-icon\"><svg xmlns=\"http:\/\/www.w3.org\/2000\/svg\" viewbox=\"0 0 24 24\" width=\"24\" height=\"24\"><path fill=\"none\" d=\"M0 0h24v24H0z\"><\/path><path d=\"M4.5 10.5c-.825 0-1.5.675-1.5 1.5s.675 1.5 1.5 1.5S6 12.825 6 12s-.675-1.5-1.5-1.5zm15 0c-.825 0-1.5.675-1.5 1.5s.675 1.5 1.5 1.5S21 12.825 21 12s-.675-1.5-1.5-1.5zm-7.5 0c-.825 0-1.5.675-1.5 1.5s.675 1.5 1.5 1.5 1.5-.675 1.5-1.5-.675-1.5-1.5-1.5z\"><\/path><\/svg><\/span><\/a>\n\t\t<\/div>\n\t<\/div>\n\n\n<div class=\"post-entry-content\">\n\n\t<h3 class=\"ele-entry-title\"><a href=\"https:\/\/maslininoulje.com\/en\/kako-citati-etiketu-na-ekstra-djevicanskom-maslinovom-ulju\/\" rel=\"bookmark\" title=\"How to read the label on extra virgin olive oil?\">How to read the label on extra virgin olive oil?<\/a><\/h3><div class=\"entry-meta\"><span class=\"meta-item data-link\"><time class=\"entry-date updated\" datetime=\"2024-10-17T03:16:27+00:00\">October 17, 2024<\/time><\/span><\/div><a href=\"https:\/\/maslininoulje.com\/en\/kako-citati-etiketu-na-ekstra-djevicanskom-maslinovom-ulju\/\" target=\"\" aria-label=\"Read more about Kako \u010ditati etiketu na ekstra djevi\u010danskom maslinovom ulju?\" class=\"box-button elementor-button elementor-size-sm\">Read more<\/a>\n<\/div><\/article><\/div><div class=\"visible wf-cell\" data-post-id=\"8412\" data-date=\"2024-10-17T03:14:41+00:00\" data-name=\"Koje sve kategorije maslinovog ulja postoje?\"><article class=\"post visible post-8412 type-post status-publish format-standard has-post-thumbnail hentry category-blog\" data-name=\"Koje sve kategorije maslinovog ulja postoje?\" data-date=\"2024-10-17T03:14:41+00:00\">\n\n\t<div class=\"post-thumbnail-wrap\">\n\t\t<div class=\"post-thumbnail\">\n\n\t\t\t<a class=\"post-thumbnail-rollover layzr-bg img-css-resize-wrapper\" aria-label=\"Post image\" href=\"https:\/\/maslininoulje.com\/en\/koje-sve-kategorije-maslinovog-ulja-postoje\/\"><img decoding=\"async\" width=\"2560\" height=\"1920\" src=\"data:image\/svg+xml,%3Csvg%20xmlns%3D&#039;http%3A%2F%2Fwww.w3.org%2F2000%2Fsvg&#039;%20viewBox%3D&#039;0%200%202560%201920&#039;%2F%3E\" class=\"attachment-full size-full preload-me aspect lazy lazy-load\" alt=\"\" sizes=\"(max-width: 2560px) 100vw, 2560px\" style=\"--ratio: 2560 \/ 1920;\" data-src=\"https:\/\/maslininoulje.com\/wp-content\/uploads\/2024\/10\/Maslinino_bocice-scaled.jpg\" loading=\"eager\" data-srcset=\"https:\/\/maslininoulje.com\/wp-content\/uploads\/2024\/10\/Maslinino_bocice-scaled.jpg 2560w, https:\/\/maslininoulje.com\/wp-content\/uploads\/2024\/10\/Maslinino_bocice-300x225.jpg 300w, https:\/\/maslininoulje.com\/wp-content\/uploads\/2024\/10\/Maslinino_bocice-1024x768.jpg 1024w, https:\/\/maslininoulje.com\/wp-content\/uploads\/2024\/10\/Maslinino_bocice-768x576.jpg 768w, https:\/\/maslininoulje.com\/wp-content\/uploads\/2024\/10\/Maslinino_bocice-1536x1152.jpg 1536w, https:\/\/maslininoulje.com\/wp-content\/uploads\/2024\/10\/Maslinino_bocice-2048x1536.jpg 2048w\" \/><span class=\"the7-hover-icon\"><svg xmlns=\"http:\/\/www.w3.org\/2000\/svg\" viewbox=\"0 0 24 24\" width=\"24\" height=\"24\"><path fill=\"none\" d=\"M0 0h24v24H0z\"><\/path><path d=\"M4.5 10.5c-.825 0-1.5.675-1.5 1.5s.675 1.5 1.5 1.5S6 12.825 6 12s-.675-1.5-1.5-1.5zm15 0c-.825 0-1.5.675-1.5 1.5s.675 1.5 1.5 1.5S21 12.825 21 12s-.675-1.5-1.5-1.5zm-7.5 0c-.825 0-1.5.675-1.5 1.5s.675 1.5 1.5 1.5 1.5-.675 1.5-1.5-.675-1.5-1.5-1.5z\"><\/path><\/svg><\/span><\/a>\n\t\t<\/div>\n\t<\/div>\n\n\n<div class=\"post-entry-content\">\n\n\t<h3 class=\"ele-entry-title\"><a href=\"https:\/\/maslininoulje.com\/en\/koje-sve-kategorije-maslinovog-ulja-postoje\/\" rel=\"bookmark\" title=\"What categories of olive oil are there?\">What categories of olive oil are there?<\/a><\/h3><div class=\"entry-meta\"><span class=\"meta-item data-link\"><time class=\"entry-date updated\" datetime=\"2024-10-17T03:14:41+00:00\">October 17, 2024<\/time><\/span><\/div><a href=\"https:\/\/maslininoulje.com\/en\/koje-sve-kategorije-maslinovog-ulja-postoje\/\" target=\"\" aria-label=\"Read more about Koje sve kategorije maslinovog ulja postoje?\" class=\"box-button elementor-button elementor-size-sm\">Read more<\/a>\n<\/div><\/article><\/div><div class=\"visible wf-cell\" data-post-id=\"8250\" data-date=\"2024-10-14T21:16:14+00:00\" data-name=\"Kako jednostavno prepoznati zaista kvalitetno ekstra djevi\u010dansko maslinovo ulje?\"><article class=\"post visible post-8250 type-post status-publish format-standard has-post-thumbnail hentry category-blog\" data-name=\"Kako jednostavno prepoznati zaista kvalitetno ekstra djevi\u010dansko maslinovo ulje?\" data-date=\"2024-10-14T21:16:14+00:00\">\n\n\t<div class=\"post-thumbnail-wrap\">\n\t\t<div class=\"post-thumbnail\">\n\n\t\t\t<a class=\"post-thumbnail-rollover layzr-bg img-css-resize-wrapper\" aria-label=\"Post image\" href=\"https:\/\/maslininoulje.com\/en\/kako-jednostavno-prepoznati-zaista-kvalitetno-ekstra-djevicansko-maslinovo-ulje\/\"><img decoding=\"async\" width=\"1051\" height=\"701\" src=\"data:image\/svg+xml,%3Csvg%20xmlns%3D&#039;http%3A%2F%2Fwww.w3.org%2F2000%2Fsvg&#039;%20viewBox%3D&#039;0%200%201051%20701&#039;%2F%3E\" class=\"attachment-full size-full preload-me aspect lazy lazy-load\" alt=\"maslinino ulje banner\" style=\"--ratio: 1051 \/ 701;\" data-src=\"https:\/\/maslininoulje.com\/wp-content\/uploads\/2024\/10\/maslinino-ulje-banner.jpg\" loading=\"eager\" \/><span class=\"the7-hover-icon\"><svg xmlns=\"http:\/\/www.w3.org\/2000\/svg\" viewbox=\"0 0 24 24\" width=\"24\" height=\"24\"><path fill=\"none\" d=\"M0 0h24v24H0z\"><\/path><path d=\"M4.5 10.5c-.825 0-1.5.675-1.5 1.5s.675 1.5 1.5 1.5S6 12.825 6 12s-.675-1.5-1.5-1.5zm15 0c-.825 0-1.5.675-1.5 1.5s.675 1.5 1.5 1.5S21 12.825 21 12s-.675-1.5-1.5-1.5zm-7.5 0c-.825 0-1.5.675-1.5 1.5s.675 1.5 1.5 1.5 1.5-.675 1.5-1.5-.675-1.5-1.5-1.5z\"><\/path><\/svg><\/span><\/a>\n\t\t<\/div>\n\t<\/div>\n\n\n<div class=\"post-entry-content\">\n\n\t<h3 class=\"ele-entry-title\"><a href=\"https:\/\/maslininoulje.com\/en\/kako-jednostavno-prepoznati-zaista-kvalitetno-ekstra-djevicansko-maslinovo-ulje\/\" rel=\"bookmark\" title=\"How to easily recognize truly premium extra virgin olive oil?\">How to easily recognize truly premium extra virgin olive oil?<\/a><\/h3><div class=\"entry-meta\"><span class=\"meta-item data-link\"><time class=\"entry-date updated\" datetime=\"2024-10-14T21:16:14+00:00\">October 14, 2024<\/time><\/span><\/div><a href=\"https:\/\/maslininoulje.com\/en\/kako-jednostavno-prepoznati-zaista-kvalitetno-ekstra-djevicansko-maslinovo-ulje\/\" target=\"\" aria-label=\"Read more about Kako jednostavno prepoznati zaista kvalitetno ekstra djevi\u010dansko maslinovo ulje?\" class=\"box-button elementor-button elementor-size-sm\">Read more<\/a>\n<\/div><\/article><\/div><\/div><!-- iso-container|iso-grid --><div class=\"paginator filter-decorations paginator-more-button filter-pointer-framed\">\n\t\t\t\t<a class=\"button-load-more highlighted filter-item\" href=\"javascript:void(0);\" data-dt-page=\"1\" ><span class=\"button-caption\">Load more articles...<\/span><\/a>\n\t\t\t<\/div><\/div>\t\t\t\t<\/div>\n\t\t\t\t<\/div>\n\t\t\t\t\t<\/div>\n\t\t<\/div>\n\t\t\t\t\t<\/div>\n\t\t<\/section>\n\t\t\t\t<\/div>","protected":false},"excerpt":{"rendered":"<p>Kako \u010ditati etiketu na ekstra djevi\u010danskom maslinovom ulju? 17 listopada, 2024Pro\u010ditaj \u010dlanak Koje sve kategorije maslinovog ulja postoje? 17 listopada, 2024Pro\u010ditaj \u010dlanak Kako jednostavno prepoznati zaista kvalitetno ekstra djevi\u010dansko maslinovo ulje? 14 listopada, 2024Pro\u010ditaj \u010dlanak Load more articles&#8230;<\/p>","protected":false},"author":1,"featured_media":0,"parent":0,"menu_order":50,"comment_status":"closed","ping_status":"closed","template":"","meta":{"inline_featured_image":false,"footnotes":""},"class_list":["post-6650","page","type-page","status-publish","hentry"],"_links":{"self":[{"href":"https:\/\/maslininoulje.com\/en\/wp-json\/wp\/v2\/pages\/6650","targetHints":{"allow":["GET"]}}],"collection":[{"href":"https:\/\/maslininoulje.com\/en\/wp-json\/wp\/v2\/pages"}],"about":[{"href":"https:\/\/maslininoulje.com\/en\/wp-json\/wp\/v2\/types\/page"}],"author":[{"embeddable":true,"href":"https:\/\/maslininoulje.com\/en\/wp-json\/wp\/v2\/users\/1"}],"replies":[{"embeddable":true,"href":"https:\/\/maslininoulje.com\/en\/wp-json\/wp\/v2\/comments?post=6650"}],"version-history":[{"count":5,"href":"https:\/\/maslininoulje.com\/en\/wp-json\/wp\/v2\/pages\/6650\/revisions"}],"predecessor-version":[{"id":8796,"href":"https:\/\/maslininoulje.com\/en\/wp-json\/wp\/v2\/pages\/6650\/revisions\/8796"}],"wp:attachment":[{"href":"https:\/\/maslininoulje.com\/en\/wp-json\/wp\/v2\/media?parent=6650"}],"curies":[{"name":"wp","href":"https:\/\/api.w.org\/{rel}","templated":true}]}}