{"id":8332,"date":"2024-10-15T01:20:04","date_gmt":"2024-10-15T01:20:04","guid":{"rendered":"https:\/\/maslininoulje.com\/?page_id=8332"},"modified":"2025-11-17T13:40:59","modified_gmt":"2025-11-17T13:40:59","slug":"misija","status":"publish","type":"page","link":"https:\/\/maslininoulje.com\/en\/misija\/","title":{"rendered":"Mission"},"content":{"rendered":"<div data-elementor-type=\"wp-page\" data-elementor-id=\"8332\" class=\"elementor elementor-8332\" data-elementor-post-type=\"page\">\n\t\t\t\t\t\t<section class=\"elementor-section elementor-top-section elementor-element elementor-element-88ec927 elementor-section-full_width elementor-section-height-min-height elementor-section-items-stretch elementor-section-content-middle elementor-section-height-default\" data-id=\"88ec927\" data-element_type=\"section\" data-e-type=\"section\" data-settings=\"{&quot;background_background&quot;:&quot;classic&quot;}\">\n\t\t\t\t\t\t<div class=\"elementor-container elementor-column-gap-no\">\n\t\t\t\t\t<div class=\"elementor-column elementor-col-50 elementor-top-column elementor-element elementor-element-c696c46\" data-id=\"c696c46\" data-element_type=\"column\" data-e-type=\"column\">\n\t\t\t<div class=\"elementor-widget-wrap elementor-element-populated\">\n\t\t\t\t\t\t<section class=\"elementor-section elementor-inner-section elementor-element elementor-element-1a9828d elementor-section-boxed elementor-section-height-default elementor-section-height-default\" data-id=\"1a9828d\" data-element_type=\"section\" data-e-type=\"section\">\n\t\t\t\t\t\t<div class=\"elementor-container elementor-column-gap-wide\">\n\t\t\t\t\t<div class=\"elementor-column elementor-col-100 elementor-inner-column elementor-element elementor-element-8c1fa8b\" data-id=\"8c1fa8b\" data-element_type=\"column\" data-e-type=\"column\">\n\t\t\t<div class=\"elementor-widget-wrap elementor-element-populated\">\n\t\t\t\t\t\t<div class=\"elementor-element elementor-element-01dfc5b elementor-widget elementor-widget-heading\" data-id=\"01dfc5b\" data-element_type=\"widget\" data-e-type=\"widget\" data-widget_type=\"heading.default\">\n\t\t\t\t<div class=\"elementor-widget-container\">\n\t\t\t\t\t<h3 class=\"elementor-heading-title elementor-size-default\">Mission<\/h3>\t\t\t\t<\/div>\n\t\t\t\t<\/div>\n\t\t\t\t<div class=\"elementor-element elementor-element-f86787c elementor-widget elementor-widget-text-editor\" data-id=\"f86787c\" data-element_type=\"widget\" data-e-type=\"widget\" data-widget_type=\"text-editor.default\">\n\t\t\t\t<div class=\"elementor-widget-container\">\n\t\t\t\t\t\t\t\t\t<p>Misija brenda Maslinino ulje je pove\u0107ati svijest o veli\u010danstvenosti masline i njenog ulja. Drvo po\u0161tovano jo\u0161 iz davne povijesti civilizacije, danas nema status koji zaslu\u017euje. \u017divot je brz i povr\u0161an, i neke stare vrijednosti su se izgubile, a od \u017eivotne su va\u017enosti.<\/p><p>Whether olive growers want to admit it or not, the olive is an exceptionally undemanding plant. It is in harmony with nature, and human influence and today's technology cannot manipulate its growth, development and reproduction too much. And its resilience is impressive. It grows from stone, does not require water, withstands stormy winds, for centuries, millennia. And then it produces olive oil - liquid gold.<\/p><p>Maslina je kao \u017eena u svojoj prirodi &#8211; otporna, a nje\u017ena.<br \/>She inspires hope in women to move forward regardless of all the challenges that life puts before them and calls them to be authentic, to be in their truth, no matter how difficult, strange or unaccepted by those around them. Because the closer they are to nature, the closer they are to their nature, and that means closer to everything they are actually striving for in this life all the time \u2013 health, vitality, beauty, love, passion, satisfaction, happiness, fulfillment\u2026<\/p><p>These are women who take responsibility for themselves \u2013 their body, their mind and their soul. They gradually accept their true nature and align themselves with it. They introduce products and rituals into their daily lives that help them get closer to themselves, to truly live a fulfilled life, every day. By respecting nature, they feel better about themselves, they accept real and effective, yet gentle medicines from olives \u2013 Olive oil \u2013 they heal themselves from the inside out. <\/p>\t\t\t\t\t\t\t\t<\/div>\n\t\t\t\t<\/div>\n\t\t\t\t\t<\/div>\n\t\t<\/div>\n\t\t\t\t\t<\/div>\n\t\t<\/section>\n\t\t\t\t\t<\/div>\n\t\t<\/div>\n\t\t\t\t<div class=\"elementor-column elementor-col-50 elementor-top-column elementor-element elementor-element-9ca810d\" data-id=\"9ca810d\" data-element_type=\"column\" data-e-type=\"column\" data-settings=\"{&quot;background_background&quot;:&quot;classic&quot;}\">\n\t\t\t<div class=\"elementor-widget-wrap elementor-element-populated\">\n\t\t\t\t\t\t<div class=\"elementor-element elementor-element-15d4676 elementor-widget elementor-widget-spacer\" data-id=\"15d4676\" data-element_type=\"widget\" data-e-type=\"widget\" data-widget_type=\"spacer.default\">\n\t\t\t\t<div class=\"elementor-widget-container\">\n\t\t\t\t\t\t\t<div class=\"elementor-spacer\">\n\t\t\t<div class=\"elementor-spacer-inner\"><\/div>\n\t\t<\/div>\n\t\t\t\t\t\t<\/div>\n\t\t\t\t<\/div>\n\t\t\t\t\t<\/div>\n\t\t<\/div>\n\t\t\t\t\t<\/div>\n\t\t<\/section>\n\t\t\t\t<section class=\"elementor-section elementor-top-section elementor-element elementor-element-2d0d9ba elementor-section-full_width elementor-section-height-min-height elementor-section-items-stretch elementor-section-content-middle elementor-reverse-mobile elementor-section-height-default\" data-id=\"2d0d9ba\" data-element_type=\"section\" data-e-type=\"section\">\n\t\t\t\t\t\t<div class=\"elementor-container elementor-column-gap-no\">\n\t\t\t\t\t<div class=\"elementor-column elementor-col-50 elementor-top-column elementor-element elementor-element-56b2400\" data-id=\"56b2400\" data-element_type=\"column\" data-e-type=\"column\" data-settings=\"{&quot;background_background&quot;:&quot;classic&quot;}\">\n\t\t\t<div class=\"elementor-widget-wrap elementor-element-populated\">\n\t\t\t\t\t\t<div class=\"elementor-element elementor-element-c42de9b elementor-widget elementor-widget-spacer\" data-id=\"c42de9b\" data-element_type=\"widget\" data-e-type=\"widget\" data-widget_type=\"spacer.default\">\n\t\t\t\t<div class=\"elementor-widget-container\">\n\t\t\t\t\t\t\t<div class=\"elementor-spacer\">\n\t\t\t<div class=\"elementor-spacer-inner\"><\/div>\n\t\t<\/div>\n\t\t\t\t\t\t<\/div>\n\t\t\t\t<\/div>\n\t\t\t\t\t<\/div>\n\t\t<\/div>\n\t\t\t\t<div class=\"elementor-column elementor-col-50 elementor-top-column elementor-element elementor-element-61558d4\" data-id=\"61558d4\" data-element_type=\"column\" data-e-type=\"column\">\n\t\t\t<div class=\"elementor-widget-wrap elementor-element-populated\">\n\t\t\t\t\t\t<section class=\"elementor-section elementor-inner-section elementor-element elementor-element-fd95934 elementor-section-boxed elementor-section-height-default elementor-section-height-default\" data-id=\"fd95934\" data-element_type=\"section\" data-e-type=\"section\">\n\t\t\t\t\t\t<div class=\"elementor-container elementor-column-gap-wide\">\n\t\t\t\t\t<div class=\"elementor-column elementor-col-100 elementor-inner-column elementor-element elementor-element-fce9e01\" data-id=\"fce9e01\" data-element_type=\"column\" data-e-type=\"column\">\n\t\t\t<div class=\"elementor-widget-wrap elementor-element-populated\">\n\t\t\t\t\t\t<div class=\"elementor-element elementor-element-610c121 elementor-widget elementor-widget-text-editor\" data-id=\"610c121\" data-element_type=\"widget\" data-e-type=\"widget\" data-widget_type=\"text-editor.default\">\n\t\t\t\t<div class=\"elementor-widget-container\">\n\t\t\t\t\t\t\t\t\t<p>The Mediterranean diet has been proven to be the highest quality diet for health and longevity in the world.<\/p><p>Olive oil is the crown jewel of the Mediterranean diet.<\/p><p>Premium quality extra virgin olive oil (produced to the highest production standards) is not just another food item we use.<\/p><p>It is a product that should be sold in a pharmacy, not a supermarket.<\/p><p>Premium extra virgin olive oil from local, organic and sustainable production is NATURE'S MEDICINE.<\/p>\t\t\t\t\t\t\t\t<\/div>\n\t\t\t\t<\/div>\n\t\t\t\t\t<\/div>\n\t\t<\/div>\n\t\t\t\t\t<\/div>\n\t\t<\/section>\n\t\t\t\t\t<\/div>\n\t\t<\/div>\n\t\t\t\t\t<\/div>\n\t\t<\/section>\n\t\t\t\t<\/div>","protected":false},"excerpt":{"rendered":"<p>Misija Misija brenda Maslinino ulje je pove\u0107ati svijest o veli\u010danstvenosti masline i njenog ulja. Drvo po\u0161tovano jo\u0161 iz davne povijesti civilizacije, danas nema status koji zaslu\u017euje. \u017divot je brz i povr\u0161an, i neke stare vrijednosti su se izgubile, a od \u017eivotne su va\u017enosti. Htjeli to maslinari priznati ili ne, maslina je jedna iznimno ne zahtjevna&hellip;<\/p>","protected":false},"author":1,"featured_media":0,"parent":0,"menu_order":0,"comment_status":"closed","ping_status":"closed","template":"","meta":{"inline_featured_image":false,"footnotes":""},"class_list":["post-8332","page","type-page","status-publish","hentry"],"_links":{"self":[{"href":"https:\/\/maslininoulje.com\/en\/wp-json\/wp\/v2\/pages\/8332","targetHints":{"allow":["GET"]}}],"collection":[{"href":"https:\/\/maslininoulje.com\/en\/wp-json\/wp\/v2\/pages"}],"about":[{"href":"https:\/\/maslininoulje.com\/en\/wp-json\/wp\/v2\/types\/page"}],"author":[{"embeddable":true,"href":"https:\/\/maslininoulje.com\/en\/wp-json\/wp\/v2\/users\/1"}],"replies":[{"embeddable":true,"href":"https:\/\/maslininoulje.com\/en\/wp-json\/wp\/v2\/comments?post=8332"}],"version-history":[{"count":49,"href":"https:\/\/maslininoulje.com\/en\/wp-json\/wp\/v2\/pages\/8332\/revisions"}],"predecessor-version":[{"id":9962,"href":"https:\/\/maslininoulje.com\/en\/wp-json\/wp\/v2\/pages\/8332\/revisions\/9962"}],"wp:attachment":[{"href":"https:\/\/maslininoulje.com\/en\/wp-json\/wp\/v2\/media?parent=8332"}],"curies":[{"name":"wp","href":"https:\/\/api.w.org\/{rel}","templated":true}]}}