{"id":8382,"date":"2024-10-16T13:42:28","date_gmt":"2024-10-16T13:42:28","guid":{"rendered":"https:\/\/maslininoulje.com\/?page_id=8382"},"modified":"2024-10-16T13:46:48","modified_gmt":"2024-10-16T13:46:48","slug":"maslinici","status":"publish","type":"page","link":"https:\/\/maslininoulje.com\/en\/maslinici\/","title":{"rendered":"Maslinici"},"content":{"rendered":"<div data-elementor-type=\"wp-page\" data-elementor-id=\"8382\" class=\"elementor elementor-8382\" data-elementor-post-type=\"page\">\n\t\t\t\t<div class=\"elementor-element elementor-element-ed0ed0f e-flex e-con-boxed e-con e-parent\" data-id=\"ed0ed0f\" data-element_type=\"container\" data-e-type=\"container\">\n\t\t\t\t\t<div class=\"e-con-inner\">\n\t\t\t\t<div class=\"elementor-element elementor-element-0bd6631 elementor-widget elementor-widget-text-editor\" data-id=\"0bd6631\" data-element_type=\"widget\" data-e-type=\"widget\" data-widget_type=\"text-editor.default\">\n\t\t\t\t<div class=\"elementor-widget-container\">\n\t\t\t\t\t\t\t\t\t<p>Maslinino ulje se rodilo u masliniku iznad Supetra na otoku Bra\u010du, gdje stotinjak vrlo starih stabala, na autohtonom terenu i dalje \u017eivi isto kao prije 200 godina i vi\u0161e.<\/p>\t\t\t\t\t\t\t\t<\/div>\n\t\t\t\t<\/div>\n\t\t\t\t\t<\/div>\n\t\t\t\t<\/div>\n\t\t<div class=\"elementor-element elementor-element-3627732 e-flex e-con-boxed e-con e-parent\" data-id=\"3627732\" data-element_type=\"container\" data-e-type=\"container\">\n\t\t\t\t\t<div class=\"e-con-inner\">\n\t\t<div class=\"elementor-element elementor-element-fdf42e2 e-con-full e-flex e-con e-child\" data-id=\"fdf42e2\" data-element_type=\"container\" data-e-type=\"container\">\n\t\t\t\t<div class=\"elementor-element elementor-element-7efb79b elementor-widget elementor-widget-video\" data-id=\"7efb79b\" data-element_type=\"widget\" data-e-type=\"widget\" data-settings=\"{&quot;youtube_url&quot;:&quot;https:\\\/\\\/www.youtube.com\\\/shorts\\\/8qF5jOvQaT0&quot;,&quot;video_type&quot;:&quot;youtube&quot;,&quot;controls&quot;:&quot;yes&quot;}\" data-widget_type=\"video.default\">\n\t\t\t\t<div class=\"elementor-widget-container\">\n\t\t\t\t\t\t\t<div class=\"elementor-wrapper elementor-open-inline\">\n\t\t\t<div class=\"elementor-video\"><\/div>\t\t<\/div>\n\t\t\t\t\t\t<\/div>\n\t\t\t\t<\/div>\n\t\t\t\t<\/div>\n\t\t<div class=\"elementor-element elementor-element-1f49b08 e-con-full e-flex e-con e-child\" data-id=\"1f49b08\" data-element_type=\"container\" data-e-type=\"container\">\n\t\t\t\t<div class=\"elementor-element elementor-element-a83a0a5 elementor-widget elementor-widget-video\" data-id=\"a83a0a5\" data-element_type=\"widget\" data-e-type=\"widget\" data-settings=\"{&quot;youtube_url&quot;:&quot;https:\\\/\\\/www.youtube.com\\\/shorts\\\/f0nUHEefmn8&quot;,&quot;video_type&quot;:&quot;youtube&quot;,&quot;controls&quot;:&quot;yes&quot;}\" data-widget_type=\"video.default\">\n\t\t\t\t<div class=\"elementor-widget-container\">\n\t\t\t\t\t\t\t<div class=\"elementor-wrapper elementor-open-inline\">\n\t\t\t<div class=\"elementor-video\"><\/div>\t\t<\/div>\n\t\t\t\t\t\t<\/div>\n\t\t\t\t<\/div>\n\t\t\t\t<\/div>\n\t\t\t\t\t<\/div>\n\t\t\t\t<\/div>\n\t\t\t\t<\/div>","protected":false},"excerpt":{"rendered":"<p>Maslinino ulje se rodilo u masliniku iznad Supetra na otoku Bra\u010du, gdje stotinjak vrlo starih stabala, na autohtonom terenu i dalje \u017eivi isto kao prije 200 godina i vi\u0161e. https:\/\/www.youtube.com\/shorts\/8qF5jOvQaT0https:\/\/www.youtube.com\/shorts\/f0nUHEefmn8<\/p>","protected":false},"author":1,"featured_media":0,"parent":0,"menu_order":0,"comment_status":"closed","ping_status":"closed","template":"","meta":{"inline_featured_image":false,"footnotes":""},"class_list":["post-8382","page","type-page","status-publish","hentry"],"_links":{"self":[{"href":"https:\/\/maslininoulje.com\/en\/wp-json\/wp\/v2\/pages\/8382","targetHints":{"allow":["GET"]}}],"collection":[{"href":"https:\/\/maslininoulje.com\/en\/wp-json\/wp\/v2\/pages"}],"about":[{"href":"https:\/\/maslininoulje.com\/en\/wp-json\/wp\/v2\/types\/page"}],"author":[{"embeddable":true,"href":"https:\/\/maslininoulje.com\/en\/wp-json\/wp\/v2\/users\/1"}],"replies":[{"embeddable":true,"href":"https:\/\/maslininoulje.com\/en\/wp-json\/wp\/v2\/comments?post=8382"}],"version-history":[{"count":7,"href":"https:\/\/maslininoulje.com\/en\/wp-json\/wp\/v2\/pages\/8382\/revisions"}],"predecessor-version":[{"id":8393,"href":"https:\/\/maslininoulje.com\/en\/wp-json\/wp\/v2\/pages\/8382\/revisions\/8393"}],"wp:attachment":[{"href":"https:\/\/maslininoulje.com\/en\/wp-json\/wp\/v2\/media?parent=8382"}],"curies":[{"name":"wp","href":"https:\/\/api.w.org\/{rel}","templated":true}]}}