{"id":8404,"date":"2024-10-17T03:11:30","date_gmt":"2024-10-17T03:11:30","guid":{"rendered":"https:\/\/maslininoulje.com\/?page_id=8404"},"modified":"2025-08-26T21:45:29","modified_gmt":"2025-08-26T21:45:29","slug":"brac-otok-masline","status":"publish","type":"page","link":"https:\/\/maslininoulje.com\/en\/brac-otok-masline\/","title":{"rendered":"Bra\u010d, Olive island"},"content":{"rendered":"<div data-elementor-type=\"wp-page\" data-elementor-id=\"8404\" class=\"elementor elementor-8404\" data-elementor-post-type=\"page\">\n\t\t\t\t\t\t<section class=\"elementor-section elementor-top-section elementor-element elementor-element-dbbe642 elementor-section-full_width elementor-section-height-min-height elementor-section-items-stretch elementor-section-content-middle elementor-section-height-default\" data-id=\"dbbe642\" data-element_type=\"section\" data-e-type=\"section\" data-settings=\"{&quot;background_background&quot;:&quot;classic&quot;}\">\n\t\t\t\t\t\t<div class=\"elementor-container elementor-column-gap-no\">\n\t\t\t\t\t<div class=\"elementor-column elementor-col-50 elementor-top-column elementor-element elementor-element-d042cbf\" data-id=\"d042cbf\" data-element_type=\"column\" data-e-type=\"column\">\n\t\t\t<div class=\"elementor-widget-wrap elementor-element-populated\">\n\t\t\t\t\t\t<section class=\"elementor-section elementor-inner-section elementor-element elementor-element-1f225aa elementor-section-boxed elementor-section-height-default elementor-section-height-default\" data-id=\"1f225aa\" data-element_type=\"section\" data-e-type=\"section\">\n\t\t\t\t\t\t<div class=\"elementor-container elementor-column-gap-wide\">\n\t\t\t\t\t<div class=\"elementor-column elementor-col-100 elementor-inner-column elementor-element elementor-element-5156475\" data-id=\"5156475\" data-element_type=\"column\" data-e-type=\"column\">\n\t\t\t<div class=\"elementor-widget-wrap elementor-element-populated\">\n\t\t\t\t\t\t<div class=\"elementor-element elementor-element-b4ab2ba elementor-widget elementor-widget-heading\" data-id=\"b4ab2ba\" data-element_type=\"widget\" data-e-type=\"widget\" data-widget_type=\"heading.default\">\n\t\t\t\t<div class=\"elementor-widget-container\">\n\t\t\t\t\t<h3 class=\"elementor-heading-title elementor-size-default\">Bra\u010d, island of Olives<\/h3>\t\t\t\t<\/div>\n\t\t\t\t<\/div>\n\t\t\t\t<div class=\"elementor-element elementor-element-381ac15 elementor-widget elementor-widget-text-editor\" data-id=\"381ac15\" data-element_type=\"widget\" data-e-type=\"widget\" data-widget_type=\"text-editor.default\">\n\t\t\t\t<div class=\"elementor-widget-container\">\n\t\t\t\t\t\t\t\t\t<p>It is assumed that olive trees were planted on Bra\u010d by the ancient Greeks. Interestingly, in the 16th century there were no domesticated olive trees, only wild ones, so the authorities passed a decree according to which anyone who destroyed an olive tree was punished with exile from Bra\u010d for as long as ten years, and already in the 18th century, 800 wagons of oil were being produced on the island, more than in the rest of Dalmatia.<\/p><p>According to estimates, an incredible approximately one million olive trees grow on Bra\u010d today (twice as many as the entire Istria), and the island of Bra\u010d is considered the largest olive growing area in Croatia.<\/p><p>On the island of Bra\u010d, the OBLICA variety dominates, also called the \"Bra\u010d\" olive.<\/p>\t\t\t\t\t\t\t\t<\/div>\n\t\t\t\t<\/div>\n\t\t\t\t\t<\/div>\n\t\t<\/div>\n\t\t\t\t\t<\/div>\n\t\t<\/section>\n\t\t\t\t\t<\/div>\n\t\t<\/div>\n\t\t\t\t<div class=\"elementor-column elementor-col-50 elementor-top-column elementor-element elementor-element-1a71888\" data-id=\"1a71888\" data-element_type=\"column\" data-e-type=\"column\" data-settings=\"{&quot;background_background&quot;:&quot;classic&quot;}\">\n\t\t\t<div class=\"elementor-widget-wrap elementor-element-populated\">\n\t\t\t\t\t\t<div class=\"elementor-element elementor-element-704ee4d elementor-widget elementor-widget-spacer\" data-id=\"704ee4d\" data-element_type=\"widget\" data-e-type=\"widget\" data-widget_type=\"spacer.default\">\n\t\t\t\t<div class=\"elementor-widget-container\">\n\t\t\t\t\t\t\t<div class=\"elementor-spacer\">\n\t\t\t<div class=\"elementor-spacer-inner\"><\/div>\n\t\t<\/div>\n\t\t\t\t\t\t<\/div>\n\t\t\t\t<\/div>\n\t\t\t\t\t<\/div>\n\t\t<\/div>\n\t\t\t\t\t<\/div>\n\t\t<\/section>\n\t\t<div class=\"elementor-element elementor-element-393f515 e-flex e-con-boxed e-con e-parent\" data-id=\"393f515\" data-element_type=\"container\" data-e-type=\"container\">\n\t\t\t\t\t<div class=\"e-con-inner\">\n\t\t\t\t\t<\/div>\n\t\t\t\t<\/div>\n\t\t\t\t<\/div>","protected":false},"excerpt":{"rendered":"<p>Bra\u010d, otok Masline\u200b Pretpostavlja se da su masline na Bra\u010du zasadili jo\u0161 stari Grci. Zanimljivo je da u 16. stolje\u0107u nije bilo pitomih, nego samo divljih nasada, pa su vlasti donijele dekret prema kojem se svatko tko je uni\u0161tio drvo masline ka\u017enjavao izgonom s Bra\u010da na \u010dak deset godina, a ve\u0107 u 18. stolje\u0107u na&hellip;<\/p>","protected":false},"author":1,"featured_media":0,"parent":0,"menu_order":0,"comment_status":"closed","ping_status":"closed","template":"","meta":{"inline_featured_image":false,"footnotes":""},"class_list":["post-8404","page","type-page","status-publish","hentry"],"_links":{"self":[{"href":"https:\/\/maslininoulje.com\/en\/wp-json\/wp\/v2\/pages\/8404","targetHints":{"allow":["GET"]}}],"collection":[{"href":"https:\/\/maslininoulje.com\/en\/wp-json\/wp\/v2\/pages"}],"about":[{"href":"https:\/\/maslininoulje.com\/en\/wp-json\/wp\/v2\/types\/page"}],"author":[{"embeddable":true,"href":"https:\/\/maslininoulje.com\/en\/wp-json\/wp\/v2\/users\/1"}],"replies":[{"embeddable":true,"href":"https:\/\/maslininoulje.com\/en\/wp-json\/wp\/v2\/comments?post=8404"}],"version-history":[{"count":25,"href":"https:\/\/maslininoulje.com\/en\/wp-json\/wp\/v2\/pages\/8404\/revisions"}],"predecessor-version":[{"id":8954,"href":"https:\/\/maslininoulje.com\/en\/wp-json\/wp\/v2\/pages\/8404\/revisions\/8954"}],"wp:attachment":[{"href":"https:\/\/maslininoulje.com\/en\/wp-json\/wp\/v2\/media?parent=8404"}],"curies":[{"name":"wp","href":"https:\/\/api.w.org\/{rel}","templated":true}]}}