{"id":10025,"date":"2026-02-05T21:37:01","date_gmt":"2026-02-05T21:37:01","guid":{"rendered":"https:\/\/maslininoulje.com\/?post_type=product&#038;p=10025"},"modified":"2026-04-04T14:54:29","modified_gmt":"2026-04-04T14:54:29","slug":"maslinina-cokolada","status":"publish","type":"product","link":"https:\/\/maslininoulje.com\/en\/product\/maslinina-cokolada\/","title":{"rendered":"Maslinina \u010dokolada"},"content":{"rendered":"","protected":false},"excerpt":{"rendered":"<p style=\"text-align: center;\"><strong>Artisan tamna \u010dokolada s 70% kakaa, oboga\u0107ena je s 10% na\u0161eg ekstra djevi\u010danskog Maslininog ulja, \u0161to joj daje posebno svilenkastu teksturu i zaokru\u017een okus.<\/strong><\/p>","protected":false},"featured_media":10040,"comment_status":"open","ping_status":"closed","template":"","meta":{"inline_featured_image":false},"product_brand":[],"product_cat":[49],"product_tag":[],"class_list":{"0":"post-10025","1":"product","2":"type-product","3":"status-publish","4":"has-post-thumbnail","6":"product_cat-maslinina-cokolada","8":"first","9":"instock","10":"shipping-taxable","11":"purchasable","12":"product-type-variable"},"_links":{"self":[{"href":"https:\/\/maslininoulje.com\/en\/wp-json\/wp\/v2\/product\/10025","targetHints":{"allow":["GET"]}}],"collection":[{"href":"https:\/\/maslininoulje.com\/en\/wp-json\/wp\/v2\/product"}],"about":[{"href":"https:\/\/maslininoulje.com\/en\/wp-json\/wp\/v2\/types\/product"}],"replies":[{"embeddable":true,"href":"https:\/\/maslininoulje.com\/en\/wp-json\/wp\/v2\/comments?post=10025"}],"version-history":[{"count":10,"href":"https:\/\/maslininoulje.com\/en\/wp-json\/wp\/v2\/product\/10025\/revisions"}],"predecessor-version":[{"id":10237,"href":"https:\/\/maslininoulje.com\/en\/wp-json\/wp\/v2\/product\/10025\/revisions\/10237"}],"wp:featuredmedia":[{"embeddable":true,"href":"https:\/\/maslininoulje.com\/en\/wp-json\/wp\/v2\/media\/10040"}],"wp:attachment":[{"href":"https:\/\/maslininoulje.com\/en\/wp-json\/wp\/v2\/media?parent=10025"}],"wp:term":[{"taxonomy":"product_brand","embeddable":true,"href":"https:\/\/maslininoulje.com\/en\/wp-json\/wp\/v2\/product_brand?post=10025"},{"taxonomy":"product_cat","embeddable":true,"href":"https:\/\/maslininoulje.com\/en\/wp-json\/wp\/v2\/product_cat?post=10025"},{"taxonomy":"product_tag","embeddable":true,"href":"https:\/\/maslininoulje.com\/en\/wp-json\/wp\/v2\/product_tag?post=10025"}],"curies":[{"name":"wp","href":"https:\/\/api.w.org\/{rel}","templated":true}]}}